{"id":501,"date":"2026-04-16T16:20:23","date_gmt":"2026-04-16T16:20:23","guid":{"rendered":"https:\/\/watmar.pl\/uslugi\/?post_type=product&#038;p=501"},"modified":"2026-04-16T19:19:48","modified_gmt":"2026-04-16T19:19:48","slug":"szczeliwo-dekarskie-dachflex-310ml-bezbarwne","status":"publish","type":"product","link":"https:\/\/watmar.pl\/uslugi\/produkt\/szczeliwo-dekarskie-dachflex-310ml-bezbarwne\/","title":{"rendered":"Szczeliwo dekarskie DACHFLEX 310ml bezbarwne"},"content":{"rendered":"<div class=\"mpof_ki myre_zn myre_8v_l m389_6m_l\">\n<div class=\"mp4t_16_s mryx_16_s mr3m_1 mli2_1 mh85_56 mh85_0_l\">\n<div class=\"mgn2_16 _0d3bd_am0a-\">\n<p><b>Szczeliwo dekarskie DACHFLEX 310ml bezbarwne<\/b><\/p>\n<p>Wysokiej jako\u015bci szczeliwo do uszczelniania dach\u00f3w p\u0142askich i spadzistych. Idealnie sprawdzi si\u0119 zar\u00f3wno w szybkich naprawach interwencyjnych jak i w sta\u0142ych rozwi\u0105zaniach monta\u017cowych. Szczeliwo mo\u017cna nak\u0142ada\u0107 nawet na lekko wilgotne pod\u0142o\u017ce &#8211; niezale\u017cnie od warunk\u00f3w pogodowych.<\/p>\n<p><b>W\u0142a\u015bciwo\u015bci produktu:<\/b><\/p>\n<ul>\n<li>Odporno\u015b\u0107 na czynniki atmosferyczne i proces starzenia<\/li>\n<li>Zachowuje trwa\u0142\u0105 elastyczno\u015b\u0107<\/li>\n<li>Mo\u017cliwo\u015b\u0107 malowania<\/li>\n<li>Odporny na promieniowanie UV<\/li>\n<li>Bardzo dobra przyczepno\u015b\u0107 do pap i materia\u0142\u00f3w bitumicznych<\/li>\n<\/ul>\n<\/div>\n<\/div>\n<\/div>\n<div class=\"mpof_ki myre_zn myre_8v_l m389_6m_l\">\n<div class=\"mp4t_16_s mryx_16_s mr3m_1 mli2_1 mh85_56 mh85_0_l\">\n<div class=\"mgn2_16 _0d3bd_am0a-\">\n<p><b>Zastosowanie<\/b><\/p>\n<p>Doskonale sprawdza si\u0119 w przypadku uszczelniania przej\u015b\u0107 dachowych. Mo\u017ce by\u0107 u\u017cywany do uszczelniania po\u0142\u0105cze\u0144 element\u00f3w konstrukcyjnych podczas prac dekarskich oraz do wykonywania napraw.<\/p>\n<p>Sprawdza si\u0119 w przypadku pokry\u0107 dachowych wykonanych z:<\/p>\n<ul>\n<li>Blachy<\/li>\n<li>Dach\u00f3wek<\/li>\n<li>Betonu<\/li>\n<li>materia\u0142\u00f3w bitumicznych<\/li>\n<li>P\u0142yt w\u0142\u00f3knocementowych<\/li>\n<li>Drewna<\/li>\n<\/ul>\n<\/div>\n<\/div>\n<\/div>\n<div class=\"mpof_ki myre_zn myre_8v_l m389_6m_l\">\n<div class=\"mp4t_16_s mryx_16_s mr3m_1 mli2_1 mh85_56 mh85_0_l\">\n<div class=\"mgn2_16 _0d3bd_am0a-\">\n<p><b>Zalecenia producenta<\/b><\/p>\n<ul>\n<li>W przypadku aplikacji wersji przezroczystej, w kontakcie z pod\u0142o\u017cem bitumicznym zaleca si\u0119 wcze\u015bniejsze u\u017cycie odpowiedniego preparatu gruntuj\u0105cego do tworzyw sztucznych, drewna lub kamienia<\/li>\n<li>Przy pod\u0142o\u017cach z aluminium anodowanego wymagane jest zagruntowanie powierzchni<\/li>\n<li>Aby zwi\u0119kszy\u0107 przyczepno\u015b\u0107 i zapobiec powstawaniu zm\u0119tnie\u0144 na poliw\u0119glanie lub pleksi, rekomenduje si\u0119 zastosowanie silikonowego \u015brodka gruntuj\u0105cego<\/li>\n<li>Pe\u0142n\u0105 przyczepno\u015b\u0107 produkt osi\u0105ga po ca\u0142kowitym utwardzeniu. W \u015brodowisku z zalegaj\u0105c\u0105 wod\u0105 skuteczno\u015b\u0107 wi\u0105zania mo\u017ce by\u0107 ograniczona. Nie jest przeznaczony do uszczelniania szk\u0142a.<\/li>\n<li>W przypadku aluminium docelowa wytrzyma\u0142o\u015b\u0107 po\u0142\u0105czenia uzyskiwana jest dopiero po pe\u0142nym utwardzeniu, co \u2013 w zale\u017cno\u015bci od grubo\u015bci warstwy \u2013 mo\u017ce potrwa\u0107 od kilku dni do oko\u0142o dw\u00f3ch tygodni.<\/li>\n<\/ul>\n<\/div>\n<\/div>\n<div class=\"mp4t_16_s mryx_16_s mr3m_1 mli2_1 mh85_56 mh85_0_l\">\n<div class=\"mg9e_8 mj7a_8 mg9e_0_s mvrt_0_s mj7a_0_s mh36_0_s mzmg_6m munh_16_l m3h2_16_l\"><\/div>\n<\/div>\n<\/div>\n<div class=\"mpof_ki myre_zn myre_8v_l m389_6m_l\">\n<div class=\"mp4t_16_s mryx_16_s mr3m_1 mli2_1 mh85_56 mh85_0_l\">\n<div class=\"mgn2_16 _0d3bd_am0a-\">\n<p><b>Specyfikacja techniczna:<\/b><\/p>\n<ul>\n<li>Baza chemiczna: Kauczuk syntetyczny<\/li>\n<li>G\u0119sto\u015b\u0107: 0,94 g\/cm\u00b3<\/li>\n<li>Zapach: Charakterystyczny<\/li>\n<li>Kolor: Przezroczysty<\/li>\n<li>Pojemnik: Wk\u0142ad<\/li>\n<li>Zawarto\u015b\u0107: 310 ml<\/li>\n<li>Dopuszczalne odkszta\u0142cenie: 25 %<\/li>\n<li>Twardo\u015b\u0107 Shore&#8217;a typu A: 25<\/li>\n<li>Odporno\u015b\u0107 na: Procesy starzenia, Warunki pogodowe<\/li>\n<li>Min.\/maks. czas tworzenia nask\u00f3rka:\u00a03-8 min (Przy 23\u00b0C i wzgl\u0119dnej wilgotno\u015bci powietrza 50%)<\/li>\n<li>W\u0142a\u015bciwo\u015bci grzybob\u00f3jcze: Nie<\/li>\n<li>Min.\/maks. szybko\u015b\u0107 utwardzania: 1-3 mm\/d (Przy 23\u00b0C i wzgl\u0119dnej wilgotno\u015bci powietrza 50%)<\/li>\n<li>Min. odporno\u015b\u0107 temperaturowa: -25 \u00b0C<\/li>\n<li>Maks. odporno\u015b\u0107 temperaturowa: 100 \u00b0C<\/li>\n<li>Temperatura stosowania min.: 5 \u00b0C<\/li>\n<li>Temperatura stosowania maks.: 40 \u00b0C<\/li>\n<li>Nie zawiera silikonu: Tak<\/li>\n<li>Przechowywanie od daty produkcji: 24 Miesi\u0105ce<\/li>\n<\/ul>\n<\/div>\n<\/div>\n<\/div>\n","protected":false},"excerpt":{"rendered":"<p>Wysokiej jako\u015bci szczeliwo do uszczelniania dach\u00f3w p\u0142askich i spadzistych.<\/p>\n","protected":false},"featured_media":502,"comment_status":"open","ping_status":"closed","template":"","meta":[],"product_brand":[],"product_cat":[25],"product_tag":[],"class_list":{"0":"post-501","1":"product","2":"type-product","3":"status-publish","4":"has-post-thumbnail","6":"product_cat-akcesoria","8":"first","9":"instock","10":"purchasable","11":"product-type-simple"},"jetpack_sharing_enabled":true,"_links":{"self":[{"href":"https:\/\/watmar.pl\/uslugi\/wp-json\/wp\/v2\/product\/501","targetHints":{"allow":["GET"]}}],"collection":[{"href":"https:\/\/watmar.pl\/uslugi\/wp-json\/wp\/v2\/product"}],"about":[{"href":"https:\/\/watmar.pl\/uslugi\/wp-json\/wp\/v2\/types\/product"}],"replies":[{"embeddable":true,"href":"https:\/\/watmar.pl\/uslugi\/wp-json\/wp\/v2\/comments?post=501"}],"wp:featuredmedia":[{"embeddable":true,"href":"https:\/\/watmar.pl\/uslugi\/wp-json\/wp\/v2\/media\/502"}],"wp:attachment":[{"href":"https:\/\/watmar.pl\/uslugi\/wp-json\/wp\/v2\/media?parent=501"}],"wp:term":[{"taxonomy":"product_brand","embeddable":true,"href":"https:\/\/watmar.pl\/uslugi\/wp-json\/wp\/v2\/product_brand?post=501"},{"taxonomy":"product_cat","embeddable":true,"href":"https:\/\/watmar.pl\/uslugi\/wp-json\/wp\/v2\/product_cat?post=501"},{"taxonomy":"product_tag","embeddable":true,"href":"https:\/\/watmar.pl\/uslugi\/wp-json\/wp\/v2\/product_tag?post=501"}],"curies":[{"name":"wp","href":"https:\/\/api.w.org\/{rel}","templated":true}]}}