{"id":491,"date":"2026-04-16T16:04:50","date_gmt":"2026-04-16T16:04:50","guid":{"rendered":"https:\/\/watmar.pl\/uslugi\/?post_type=product&#038;p=491"},"modified":"2026-04-16T19:19:18","modified_gmt":"2026-04-16T19:19:18","slug":"491","status":"publish","type":"product","link":"https:\/\/watmar.pl\/uslugi\/produkt\/491\/","title":{"rendered":"D\u0142awik kablowy M25 &#8211; M12"},"content":{"rendered":"<div class=\"mpof_ki myre_zn myre_8v_l m389_6m_l\">\n<div class=\"mp4t_16_s mryx_16_s mr3m_1 mli2_1 mh85_56 mh85_0_l\">\n<div class=\"mgn2_16 _0d3bd_am0a-\">\n<p><b>D\u0142awik kablowy D\u0142awnica kablowa IP68 1 szt.<\/b><\/p>\n<p><b>Cechy produktu<\/b><\/p>\n<ul>\n<li>Wodoodporno\u015b\u0107 IP68<\/li>\n<li>\u0141atwy monta\u017c<\/li>\n<li>Dopasowany rozmiar<\/li>\n<li>Szeroki zakres zastosowa\u0144<\/li>\n<\/ul>\n<p><b>Opis produktu:<\/b><\/p>\n<p>Wodoodporny d\u0142awik kablowy ma stopie\u0144 wodoodporno\u015bci IP68. Wykonany jest z wysokiej jako\u015bci nylonu zapewniaj\u0105cego trwa\u0142o\u015b\u0107.<\/p>\n<p>Bardzo prosty w monta\u017cu, wystarczy odkr\u0119ci\u0107 nakr\u0119tk\u0119, prze\u0142o\u017cy\u0107 przez otw\u00f3r i dokr\u0119ci\u0107 od spodu.<\/p>\n<p>D\u0142awiki kablowe s\u0105 wyposa\u017cone w nakr\u0119tk\u0119 zabezpieczaj\u0105c\u0105, gumowe uszczelki i podk\u0142adk\u0119 zapewniaj\u0105c\u0105 pe\u0142ne uszczelnienie.<\/p>\n<p>Odporny na olej pier\u015bcie\u0144 zaciskowy zosta\u0142 specjalnie zaprojektowany. Pier\u015bcie\u0144 zaciskowy zapewnia du\u017c\u0105 si\u0142\u0119 \u015bcisku i pe\u0142ne uszczelnienie bez uszkodzenia kabla.<\/p>\n<p>Wodoodporne d\u0142awiki kablowe mog\u0105 by\u0107 stosowana do przepust\u00f3w dachowych, skrzynek przy\u0142\u0105czeniowych, tablic rozdzielczych, wy\u0142\u0105cznik\u00f3w, o\u015bwietlenia monta\u017cowego, obud\u00f3w urz\u0105dze\u0144, mocowania kabli, z\u0142\u0105czy przewod\u00f3w, nadaj\u0105 si\u0119 r\u00f3wnie\u017c do trudnych warunk\u00f3w pogodowych na zewn\u0105trz.<\/p>\n<\/div>\n<\/div>\n<\/div>\n<div class=\"mpof_ki myre_zn myre_8v_l m389_6m_l\">\n<div class=\"mp4t_16_s mryx_16_s mr3m_1 mli2_1 mh85_56 mh85_0_l\">\n<div class=\"mgn2_16 _0d3bd_am0a-\">\n<p><b>Specyfikacja<\/b><\/p>\n<ul>\n<li>Nazwa produktu: D\u0142awik kablowy<\/li>\n<li>Ilo\u015b\u0107: 1 sztuka<\/li>\n<li>Materia\u0142: tworzywo sztuczne<\/li>\n<li>Kolor: Bia\u0142y<\/li>\n<li>Materia\u0142 obudowy: Nylon<\/li>\n<li>Stopie\u0144 ochrony: IP68<\/li>\n<li>Rozmiar: D\u0142ugo\u015b\u0107 ok. 3,9 cm, 3,6 cm, 3,25 cm, 3 cm<\/li>\n<li>Statyczne (temperatura pracy): -40 do 100 stopni Celsjusza, maksymalnie do 120 stopni Celsjusza<\/li>\n<li>Dynamiczne (temperatura pracy): -20 do 80 stopni Celsjusza, maksymalnie do 100 stopni Celsjusza<\/li>\n<\/ul>\n<p><b>Model ; Dopasowana \u015brednica kabla ; \u015arednica gwintu ; D\u0142ugo\u015b\u0107 profilu<\/b><\/p>\n<ul>\n<li>M12 ; 3-6,5 ; 12 ; 8<\/li>\n<li>M16 ; 4-8 ; 16 ; 8<\/li>\n<li>M20 ; 6-11 ; 20 ; 9<\/li>\n<li>M25 ; 11-15 ; 25 ; 10<\/li>\n<\/ul>\n<\/div>\n<\/div>\n<\/div>\n","protected":false},"excerpt":{"rendered":"<p>D\u0142awik kablowy zapewni pe\u0142n\u0105 wodoodporno\u015b\u0107 twojej instalacji.<\/p>\n","protected":false},"featured_media":495,"comment_status":"open","ping_status":"closed","template":"","meta":[],"product_brand":[],"product_cat":[25],"product_tag":[],"class_list":{"0":"post-491","1":"product","2":"type-product","3":"status-publish","4":"has-post-thumbnail","6":"product_cat-akcesoria","8":"first","9":"instock","10":"purchasable","11":"product-type-variable"},"jetpack_sharing_enabled":true,"_links":{"self":[{"href":"https:\/\/watmar.pl\/uslugi\/wp-json\/wp\/v2\/product\/491","targetHints":{"allow":["GET"]}}],"collection":[{"href":"https:\/\/watmar.pl\/uslugi\/wp-json\/wp\/v2\/product"}],"about":[{"href":"https:\/\/watmar.pl\/uslugi\/wp-json\/wp\/v2\/types\/product"}],"replies":[{"embeddable":true,"href":"https:\/\/watmar.pl\/uslugi\/wp-json\/wp\/v2\/comments?post=491"}],"wp:featuredmedia":[{"embeddable":true,"href":"https:\/\/watmar.pl\/uslugi\/wp-json\/wp\/v2\/media\/495"}],"wp:attachment":[{"href":"https:\/\/watmar.pl\/uslugi\/wp-json\/wp\/v2\/media?parent=491"}],"wp:term":[{"taxonomy":"product_brand","embeddable":true,"href":"https:\/\/watmar.pl\/uslugi\/wp-json\/wp\/v2\/product_brand?post=491"},{"taxonomy":"product_cat","embeddable":true,"href":"https:\/\/watmar.pl\/uslugi\/wp-json\/wp\/v2\/product_cat?post=491"},{"taxonomy":"product_tag","embeddable":true,"href":"https:\/\/watmar.pl\/uslugi\/wp-json\/wp\/v2\/product_tag?post=491"}],"curies":[{"name":"wp","href":"https:\/\/api.w.org\/{rel}","templated":true}]}}