{"id":331,"date":"2026-03-30T16:17:56","date_gmt":"2026-03-30T16:17:56","guid":{"rendered":"https:\/\/watmar.pl\/uslugi\/?post_type=product&#038;p=331"},"modified":"2026-04-16T19:18:30","modified_gmt":"2026-04-16T19:18:30","slug":"przepust-dachowy-flex-system","status":"publish","type":"product","link":"https:\/\/watmar.pl\/uslugi\/produkt\/przepust-dachowy-flex-system\/","title":{"rendered":"Przepust dachowy Flex System"},"content":{"rendered":"<p>Tam, gdzie standardowe przepusty nie dadz\u0105 rady, na przyk\u0142ad na otwartej przestrzeni czy w trudnych warunkach, nasze przej\u015bcia dachowe Flex System sprawdz\u0105 si\u0119 idealnie.<\/p>\n<p>Nasze produkty rozwi\u0105zuj\u0105 problem dotycz\u0105cy przeprowadzenia przewod\u00f3w z dachu do wn\u0119trza budynku w wygodny i szczelny spos\u00f3b, jak \u017caden inny produkt dost\u0119pny na rynku.<\/p>\n<p><b>Zastosowanie:<\/b><\/p>\n<p>Produkt pozwala na wprowadzenie pod dach przewod\u00f3w sieci elektrycznej lub instalacji PV, jednocze\u015bnie zapewniaj\u0105c skuteczn\u0105 ochron\u0119 instalacji przed deszczem, \u015bniegiem i innymi czynnikami atmosferycznymi.<\/p>\n<p><b>Flex System <\/b>to nasze autorskie rozwi\u0105zanie, kt\u00f3re pozwala na dowoln\u0105 konfiguracj\u0119 przepustu dachowego w zale\u017cno\u015bci od kszta\u0142tu i nachylenia dachu oraz wymaga\u0144 instalacji.<\/p>\n<p><b>Flex System to:<\/b><\/p>\n<ul>\n<li>Modu\u0142owa budowa<\/li>\n<li>Elastyczno\u015b\u0107<\/li>\n<li>Uszczelnienie do IP65<\/li>\n<li>Rozwi\u0105zanie na ekstremalne warunki<\/li>\n<\/ul>\n<p><b>Wybieraj spo\u015br\u00f3d dodatk\u00f3w:<\/b><\/p>\n<ul>\n<li>Hermetyczna nakr\u0119tka do d\u0142awnic kablowych &#8211; umo\u017cliwia zastosowanie d\u0142awnicy kablowej w rozmiarach od M12 do M25(PG7 &#8211; PG16), zapewniaj\u0105c wodoodporno\u015b\u0107 IP65. Idealna do przeprowadzenia pojedynczych przewod\u00f3w na otwartej przestrzeni.<\/li>\n<li>Kolanko ochronne 50\u00b0 &#8211; dodatkowa bariera przed deszczem i wiatrem. Dzi\u0119ki k\u0105towi za\u0142amania 50\u00b0 mo\u017ce by\u0107 stosowany na dachach p\u0142askich i o niskim k\u0105cie nachylenia, zapewniaj\u0105c wysok\u0105 deszczoodporno\u015b\u0107.<\/li>\n<li>Wyd\u0142u\u017cony daszek &#8211; ochrona przed intensywnym deszczem i \u015bniegiem. Idealny do dach\u00f3w o nachyleniu 20\u00b0 &#8211; 45\u00b0. Pozwala zachowa\u0107 szczelno\u015b\u0107 nawet przy silnych podmuchach wiatru i zacinaj\u0105cym deszczu.<\/li>\n<\/ul>\n<p>Dzi\u0119ki temu instalacja b\u0119dzie w 100% chroniona przed niepo\u017c\u0105danym dzia\u0142aniem warunk\u00f3w atmosferycznych.<\/p>\n<p><b>Cechy produktu:<\/b><\/p>\n<ul>\n<li>Gwarantuje szczelne przeprowadzenie kabli przez dach.<\/li>\n<li>Wykonanie z tworzywa ASA: Gwarancja trwa\u0142o\u015bci i odporno\u015bci na warunki atmosferyczne i promieniowanie UV oraz uszkodzenia mechaniczne.<\/li>\n<li>\u0141atwy i szybki monta\u017c: Intuicyjna instalacja, dostosowana do potrzeb u\u017cytkownika.<\/li>\n<li>Uniwersalno\u015b\u0107: Pasuj\u0105 do wi\u0119kszo\u015bci modeli dach\u00f3wek dost\u0119pnych na rynku.<\/li>\n<li>\u015arednica wewn\u0119trzna pozwalaj\u0105ca przepu\u015bci\u0107 wszystkie przewody u\u017cyte w instalacji dachowej.<\/li>\n<\/ul>\n<p><b>Dost\u0119pne kolory:<\/b><\/p>\n<ul>\n<li>Grafit (RAL 7024)<\/li>\n<li>Br\u0105z (RAL 8011)<\/li>\n<li>Czarny (RAL 9005)<\/li>\n<\/ul>\n<p>Nasze przepusty doskonale sprawdz\u0105 si\u0119 zar\u00f3wno w budynkach nowoczesnych, jak i tradycyjnych, pasuj\u0105 zar\u00f3wno do dach\u00f3wek ceramicznych, betonowych jak i blachodach\u00f3wki oraz dach\u00f3w krytych pap\u0105 i gontem. Zapewniaj\u0105 funkcjonalno\u015b\u0107 i ochron\u0119 instalacji, bez negatywnego wp\u0142ywu na estetyk\u0119 dachu.<\/p>\n<p><b>Wymagania monta\u017cowe:<\/b><\/p>\n<ul>\n<li>Wymagany p\u0142aski fragment dach\u00f3wki o minimalnych wymiarach\u00a0<b>65 mm x 65 mm.<\/b><\/li>\n<li>Maksymalna grubo\u015b\u0107 dach\u00f3wki\/dachu w miejscu monta\u017cu: 27mm.<\/li>\n<li>Otwornica 35 \u2013 38mm<\/li>\n<li>Szczeliwo dekarskie<\/li>\n<\/ul>\n","protected":false},"excerpt":{"rendered":"<p>Przepust dachowy Flex System dzi\u0119ki, kt\u00f3rem dostosujesz produkt do ka\u017cdych warunk\u00f3w.<\/p>\n","protected":false},"featured_media":342,"comment_status":"open","ping_status":"closed","template":"","meta":[],"product_brand":[],"product_cat":[26],"product_tag":[],"class_list":{"0":"post-331","1":"product","2":"type-product","3":"status-publish","4":"has-post-thumbnail","6":"product_cat-przepusty","8":"first","9":"instock","10":"purchasable","11":"product-type-variable"},"jetpack_sharing_enabled":true,"_links":{"self":[{"href":"https:\/\/watmar.pl\/uslugi\/wp-json\/wp\/v2\/product\/331","targetHints":{"allow":["GET"]}}],"collection":[{"href":"https:\/\/watmar.pl\/uslugi\/wp-json\/wp\/v2\/product"}],"about":[{"href":"https:\/\/watmar.pl\/uslugi\/wp-json\/wp\/v2\/types\/product"}],"replies":[{"embeddable":true,"href":"https:\/\/watmar.pl\/uslugi\/wp-json\/wp\/v2\/comments?post=331"}],"wp:featuredmedia":[{"embeddable":true,"href":"https:\/\/watmar.pl\/uslugi\/wp-json\/wp\/v2\/media\/342"}],"wp:attachment":[{"href":"https:\/\/watmar.pl\/uslugi\/wp-json\/wp\/v2\/media?parent=331"}],"wp:term":[{"taxonomy":"product_brand","embeddable":true,"href":"https:\/\/watmar.pl\/uslugi\/wp-json\/wp\/v2\/product_brand?post=331"},{"taxonomy":"product_cat","embeddable":true,"href":"https:\/\/watmar.pl\/uslugi\/wp-json\/wp\/v2\/product_cat?post=331"},{"taxonomy":"product_tag","embeddable":true,"href":"https:\/\/watmar.pl\/uslugi\/wp-json\/wp\/v2\/product_tag?post=331"}],"curies":[{"name":"wp","href":"https:\/\/api.w.org\/{rel}","templated":true}]}}