{"id":315,"date":"2026-03-28T10:39:39","date_gmt":"2026-03-28T10:39:39","guid":{"rendered":"https:\/\/watmar.pl\/uslugi\/?post_type=product&#038;p=315"},"modified":"2026-04-16T19:21:43","modified_gmt":"2026-04-16T19:21:43","slug":"przepust-dachowy","status":"publish","type":"product","link":"https:\/\/watmar.pl\/uslugi\/produkt\/przepust-dachowy\/","title":{"rendered":"Przepust dachowy"},"content":{"rendered":"<p>Uniwersalne niskoprofilowe przepusty dachowe b\u0119d\u0105ce efektem wieloletniego do\u015bwiadczenia w dziedzinie dachowych instalacji PV. Nasze produkty rozwi\u0105zuj\u0105 problem dotycz\u0105cy przeprowadzenia przewod\u00f3w z dachu do wn\u0119trza budynku w wygodny i szczelny spos\u00f3b, jak \u017caden inny produkt dost\u0119pny na rynku.<\/p>\n<p><b>Zastosowanie:<\/b><\/p>\n<p>Produkt pozwala na wprowadzenie pod dach przewod\u00f3w sieci elektrycznej lub instalacji PV, jednocze\u015bnie zapewniaj\u0105c skuteczn\u0105 ochron\u0119 instalacji przed deszczem, \u015bniegiem i innymi czynnikami atmosferycznymi.<\/p>\n<p><b>Cechy produktu:<\/b><\/p>\n<ul>\n<li>Gwarantuje szczelne przeprowadzenie kabli przez dach.<\/li>\n<\/ul>\n<ul>\n<li>Wykonanie z tworzywa ASA: Gwarancja trwa\u0142o\u015bci i odporno\u015bci na warunki atmosferyczne i promieniowanie UV oraz uszkodzenia mechaniczne.<\/li>\n<\/ul>\n<ul>\n<li>\u0141atwy i szybki monta\u017c: Intuicyjna instalacja, dostosowana do potrzeb u\u017cytkownika.<\/li>\n<\/ul>\n<ul>\n<li>Uniwersalno\u015b\u0107: Pasuj\u0105 do wi\u0119kszo\u015bci modeli dach\u00f3wek dost\u0119pnych na rynku.<\/li>\n<\/ul>\n<ul>\n<li>\u015arednica wewn\u0119trzna pozwalaj\u0105ca przepu\u015bci\u0107 wszystkie przewody u\u017cyte w instalacji dachowej.<\/li>\n<\/ul>\n<p><b>Dost\u0119pne kolory:<\/b><\/p>\n<ul>\n<li>Grafit (RAL 7024)<\/li>\n<\/ul>\n<ul>\n<li>Br\u0105z (RAL 8011)<\/li>\n<\/ul>\n<ul>\n<li>Ceg\u0142a (RAL 8023)<\/li>\n<\/ul>\n<ul>\n<li>Czarny (RAL 9005)<\/li>\n<\/ul>\n<p>Nasze przepusty doskonale sprawdz\u0105 si\u0119 zar\u00f3wno w budynkach nowoczesnych, jak i tradycyjnych, pasuj\u0105 zar\u00f3wno do dach\u00f3wek ceramicznych, betonowych jak i blachodach\u00f3wki oraz dach\u00f3w krytych pap\u0105 i gontem. Zapewniaj\u0105 funkcjonalno\u015b\u0107 i ochron\u0119 instalacji, bez negatywnego wp\u0142ywu na estetyk\u0119 dachu.<\/p>\n<p><b>Wymagania monta\u017cowe:<\/b><\/p>\n<ul>\n<li>Wymagany p\u0142aski fragment dach\u00f3wki o minimalnych wymiarach 65 mm x 65 mm.<\/li>\n<\/ul>\n<ul>\n<li>Maksymalna grubo\u015b\u0107 dach\u00f3wki\/dachu w miejscu monta\u017cu: 27mm.<\/li>\n<\/ul>\n<ul>\n<li>Otwornica 36 \u2013 38mm<\/li>\n<\/ul>\n<ul>\n<li>Szczeliwo dekarskie<\/li>\n<\/ul>\n<p>Produkt przystosowany do monta\u017cu na dach\u00f3wkach posiadaj\u0105cych p\u0142ask\u0105 powierzchni\u0119 o wymiarze minimum fi 65mm.<\/p>\n<p><b>Wz\u00f3r zastrze\u017cony<\/b><\/p>\n","protected":false},"excerpt":{"rendered":"<p>Nieskoprofilowe przej\u015bcie dachowe do instalacji fotowoltaicznych.<\/p>\n","protected":false},"featured_media":326,"comment_status":"open","ping_status":"closed","template":"","meta":[],"product_brand":[],"product_cat":[26],"product_tag":[],"class_list":{"0":"post-315","1":"product","2":"type-product","3":"status-publish","4":"has-post-thumbnail","6":"product_cat-przepusty","8":"first","9":"instock","10":"purchasable","11":"product-type-variable"},"jetpack_sharing_enabled":true,"_links":{"self":[{"href":"https:\/\/watmar.pl\/uslugi\/wp-json\/wp\/v2\/product\/315","targetHints":{"allow":["GET"]}}],"collection":[{"href":"https:\/\/watmar.pl\/uslugi\/wp-json\/wp\/v2\/product"}],"about":[{"href":"https:\/\/watmar.pl\/uslugi\/wp-json\/wp\/v2\/types\/product"}],"replies":[{"embeddable":true,"href":"https:\/\/watmar.pl\/uslugi\/wp-json\/wp\/v2\/comments?post=315"}],"wp:featuredmedia":[{"embeddable":true,"href":"https:\/\/watmar.pl\/uslugi\/wp-json\/wp\/v2\/media\/326"}],"wp:attachment":[{"href":"https:\/\/watmar.pl\/uslugi\/wp-json\/wp\/v2\/media?parent=315"}],"wp:term":[{"taxonomy":"product_brand","embeddable":true,"href":"https:\/\/watmar.pl\/uslugi\/wp-json\/wp\/v2\/product_brand?post=315"},{"taxonomy":"product_cat","embeddable":true,"href":"https:\/\/watmar.pl\/uslugi\/wp-json\/wp\/v2\/product_cat?post=315"},{"taxonomy":"product_tag","embeddable":true,"href":"https:\/\/watmar.pl\/uslugi\/wp-json\/wp\/v2\/product_tag?post=315"}],"curies":[{"name":"wp","href":"https:\/\/api.w.org\/{rel}","templated":true}]}}